{"id":111,"date":"2016-12-15T15:06:29","date_gmt":"2016-12-15T15:06:29","guid":{"rendered":"https:\/\/the7.io\/business-one-page\/?page_id=111"},"modified":"2025-12-12T15:47:14","modified_gmt":"2025-12-12T23:47:14","slug":"about","status":"publish","type":"page","link":"https:\/\/bajapetwellcare.com\/en\/nosotros\/","title":{"rendered":"About Us"},"content":{"rendered":"<div class=\"wpb-content-wrapper\"><div class=\"vc_row wpb_row vc_row-fluid vc_custom_1717709180423\"><div class=\"wpb_column vc_column_container vc_col-sm-6\"><div class=\"vc_column-inner\"><div class=\"wpb_wrapper\">\n\t<div  class=\"wpb_single_image wpb_content_element vc_align_center\">\n\t\t\n\t\t<figure class=\"wpb_wrapper vc_figure\">\n\t\t\t<div class=\"vc_single_image-wrapper   vc_box_border_grey\"><img decoding=\"async\" width=\"550\" height=\"413\" data-src=\"https:\/\/bajapetwellcare.com\/wp-content\/uploads\/2024\/06\/foto-team.jpg\" class=\"vc_single_image-img attachment-full lazyload\" alt=\"\" title=\"foto-team\" data-srcset=\"https:\/\/bajapetwellcare.com\/wp-content\/uploads\/2024\/06\/foto-team.jpg 550w, https:\/\/bajapetwellcare.com\/wp-content\/uploads\/2024\/06\/foto-team-300x225.jpg 300w\" data-sizes=\"(max-width: 550px) 100vw, 550px\"  data-dt-location=\"https:\/\/bajapetwellcare.com\/en\/nosotros\/foto-team\/\" src=\"data:image\/svg+xml;base64,PHN2ZyB3aWR0aD0iMSIgaGVpZ2h0PSIxIiB4bWxucz0iaHR0cDovL3d3dy53My5vcmcvMjAwMC9zdmciPjwvc3ZnPg==\" style=\"--smush-placeholder-width: 550px; --smush-placeholder-aspect-ratio: 550\/413;\" \/><\/div>\n\t\t<\/figure>\n\t<\/div>\n<div class=\"vc_empty_space\"   style=\"height: 32px\"><span class=\"vc_empty_space_inner\"><\/span><\/div><div id=\"ultimate-heading-121769e269c86aae4\" class=\"uvc-heading ult-adjust-bottom-margin ultimate-heading-121769e269c86aae4 uvc-4618 accent-border-color\" data-hspacer=\"line_only\"  data-halign=\"center\" style=\"text-align:center\"><div class=\"uvc-main-heading ult-responsive\"  data-ultimate-target='.uvc-heading.ultimate-heading-121769e269c86aae4 h2'  data-responsive-json-new='{\"font-size\":\"desktop:35px;\",\"line-height\":\"\"}' ><h2 style=\"font-weight:bold;color:#00C6FF;margin-top:20px;margin-bottom:10px;\">Who are we?<\/h2><\/div><div class=\"uvc-heading-spacer line_only\" style=\"margin-bottom:30PX;height:2px;\"><span class=\"uvc-headings-line\" style=\"border-style:solid;border-bottom-width:2px;border-color:;width:200px;\"><\/span><\/div><div class=\"uvc-sub-heading ult-responsive\"  data-ultimate-target='.uvc-heading.ultimate-heading-121769e269c86aae4 .uvc-sub-heading '  data-responsive-json-new='{\"font-size\":\"\",\"line-height\":\"\"}'  style=\"font-weight:normal;\"><span style=\"color: #000000;\">We are a veterinary center with highly trained staff and medical team, located in Tijuana. We offer a wide range of veterinary services designed to keep your pet healthy and happy. Our team of professionals is committed to the care of your pet, providing high-quality care in a welcoming and friendly environment.<\/span><\/div><\/div><\/div><\/div><\/div><div class=\"wpb_column vc_column_container vc_col-sm-6\"><div class=\"vc_column-inner\"><div class=\"wpb_wrapper\"><div id=\"ultimate-heading-568169e269c86ad3e\" class=\"uvc-heading ult-adjust-bottom-margin ultimate-heading-568169e269c86ad3e uvc-5310 accent-border-color\" data-hspacer=\"line_only\"  data-halign=\"center\" style=\"text-align:center\"><div class=\"uvc-main-heading ult-responsive\"  data-ultimate-target='.uvc-heading.ultimate-heading-568169e269c86ad3e h2'  data-responsive-json-new='{\"font-size\":\"desktop:35px;\",\"line-height\":\"\"}' ><h2 style=\"font-weight:bold;color:#00C6FF;margin-top:20px;margin-bottom:10px;\">Our Commitment<\/h2><\/div><div class=\"uvc-heading-spacer line_only\" style=\"margin-bottom:30PX;height:2px;\"><span class=\"uvc-headings-line\" style=\"border-style:solid;border-bottom-width:2px;border-color:;width:200px;\"><\/span><\/div><div class=\"uvc-sub-heading ult-responsive\"  data-ultimate-target='.uvc-heading.ultimate-heading-568169e269c86ad3e .uvc-sub-heading '  data-responsive-json-new='{\"font-size\":\"\",\"line-height\":\"\"}'  style=\"font-weight:normal;\"><span style=\"color: #000000;\">At BajaPet we understand that your pet is part of your family. We strive to provide the best care possible, using advanced technology and compassionate methods to ensure your pet receives the treatment it deserves.<\/span><br \/>\n<span style=\"color: #000000;\">Para m\u00e1s informaci\u00f3n o para agendar una cita, cont\u00e1ctenos al WhatsApp 663 230 84 68 o llame a nuestras oficinas con el mismo n\u00famero. Estamos aqu\u00ed para cuidar de su mascota en cada etapa de su vida.<\/span><br \/>\n<span style=\"color: #000000;\">Thank you for trusting us with the care of your faithful companion!<\/span><\/div><\/div><div class=\"vc_empty_space\"   style=\"height: 32px\"><span class=\"vc_empty_space_inner\"><\/span><\/div>\n\t<div  class=\"wpb_single_image wpb_content_element vc_align_center\">\n\t\t\n\t\t<figure class=\"wpb_wrapper vc_figure\">\n\t\t\t<div class=\"vc_single_image-wrapper   vc_box_border_grey\"><img decoding=\"async\" width=\"600\" height=\"400\" data-src=\"https:\/\/bajapetwellcare.com\/wp-content\/uploads\/2025\/05\/bajapet-team-nosotros.jpg\" class=\"vc_single_image-img attachment-full lazyload\" alt=\"\" title=\"bajapet-team-nosotros\" data-srcset=\"https:\/\/bajapetwellcare.com\/wp-content\/uploads\/2025\/05\/bajapet-team-nosotros.jpg 600w, https:\/\/bajapetwellcare.com\/wp-content\/uploads\/2025\/05\/bajapet-team-nosotros-300x200.jpg 300w, https:\/\/bajapetwellcare.com\/wp-content\/uploads\/2025\/05\/bajapet-team-nosotros-18x12.jpg 18w\" data-sizes=\"(max-width: 600px) 100vw, 600px\"  data-dt-location=\"https:\/\/bajapetwellcare.com\/en\/nosotros\/bajapet-team-nosotros\/\" src=\"data:image\/svg+xml;base64,PHN2ZyB3aWR0aD0iMSIgaGVpZ2h0PSIxIiB4bWxucz0iaHR0cDovL3d3dy53My5vcmcvMjAwMC9zdmciPjwvc3ZnPg==\" style=\"--smush-placeholder-width: 600px; --smush-placeholder-aspect-ratio: 600\/400;\" \/><\/div>\n\t\t<\/figure>\n\t<\/div>\n<\/div><\/div><\/div><\/div><div class=\"vc_row wpb_row vc_row-fluid vc_custom_1765583228478 vc_row-has-fill\"><div class=\"wpb_column vc_column_container vc_col-sm-2\"><div class=\"vc_column-inner\"><div class=\"wpb_wrapper\"><\/div><\/div><\/div><div class=\"wpb_column vc_column_container vc_col-sm-8\"><div class=\"vc_column-inner\"><div class=\"wpb_wrapper\">\n\t<div  class=\"wpb_single_image wpb_content_element vc_align_center\">\n\t\t\n\t\t<figure class=\"wpb_wrapper vc_figure\">\n\t\t\t<div class=\"vc_single_image-wrapper   vc_box_border_grey\"><img decoding=\"async\" width=\"300\" height=\"84\" data-src=\"https:\/\/bajapetwellcare.com\/wp-content\/uploads\/2024\/05\/bajapet-logo-blanco-300x84.png\" class=\"vc_single_image-img attachment-medium lazyload\" alt=\"\" title=\"bajapet-logo-blanco\" data-srcset=\"https:\/\/bajapetwellcare.com\/wp-content\/uploads\/2024\/05\/bajapet-logo-blanco-300x84.png 300w, https:\/\/bajapetwellcare.com\/wp-content\/uploads\/2024\/05\/bajapet-logo-blanco.png 395w\" data-sizes=\"(max-width: 300px) 100vw, 300px\"  data-dt-location=\"https:\/\/bajapetwellcare.com\/en\/inicio\/bajapet-logo-blanco\/\" src=\"data:image\/svg+xml;base64,PHN2ZyB3aWR0aD0iMSIgaGVpZ2h0PSIxIiB4bWxucz0iaHR0cDovL3d3dy53My5vcmcvMjAwMC9zdmciPjwvc3ZnPg==\" style=\"--smush-placeholder-width: 300px; --smush-placeholder-aspect-ratio: 300\/84;\" \/><\/div>\n\t\t<\/figure>\n\t<\/div>\n<div class=\"vc_empty_space\"   style=\"height: 15px\"><span class=\"vc_empty_space_inner\"><\/span><\/div><div id=\"ultimate-heading-127569e269c86c55b\" class=\"uvc-heading ult-adjust-bottom-margin ultimate-heading-127569e269c86c55b uvc-3842\" data-hspacer=\"no_spacer\"  data-halign=\"center\" style=\"text-align:center\"><div class=\"uvc-heading-spacer no_spacer\" style=\"top\"><\/div><div class=\"uvc-main-heading ult-responsive\"  data-ultimate-target='.uvc-heading.ultimate-heading-127569e269c86c55b h2'  data-responsive-json-new='{\"font-size\":\"desktop:40px;\",\"line-height\":\"\"}' ><h2 style=\"--font-weight:theme;color:#ffffff;\">Where love and care collide to protect our furry friends.<\/h2><\/div><\/div><\/div><\/div><\/div><div class=\"wpb_column vc_column_container vc_col-sm-2\"><div class=\"vc_column-inner\"><div class=\"wpb_wrapper\"><\/div><\/div><\/div><\/div><!-- Row Backgrounds --><div class=\"vc_row wpb_row vc_row-fluid vc_custom_1717709180423\"><div class=\"wpb_column vc_column_container vc_col-sm-6\"><div class=\"vc_column-inner\"><div class=\"wpb_wrapper\"><div id=\"ultimate-heading-316869e269c86cd1c\" class=\"uvc-heading ult-adjust-bottom-margin ultimate-heading-316869e269c86cd1c uvc-9408 accent-border-color\" data-hspacer=\"line_only\"  data-halign=\"center\" style=\"text-align:center\"><div class=\"uvc-main-heading ult-responsive\"  data-ultimate-target='.uvc-heading.ultimate-heading-316869e269c86cd1c h2'  data-responsive-json-new='{\"font-size\":\"desktop:35px;\",\"line-height\":\"\"}' ><h2 style=\"font-weight:bold;color:#00C6FF;margin-top:20px;margin-bottom:10px;\">Why choose BajaPet by SIMNSA?<\/h2><\/div><div class=\"uvc-heading-spacer line_only\" style=\"margin-bottom:30px;height:2px;\"><span class=\"uvc-headings-line\" style=\"border-style:solid;border-bottom-width:2px;border-color:;width:200px;\"><\/span><\/div><\/div>\n\t<div class=\"wpb_text_column wpb_content_element\" >\n\t\t<div class=\"wpb_wrapper\">\n\t\t\t<p><span style=\"color: #000000;\">A visit to the vet can be more beneficial if we manage to obtain all the necessary information to keep our pets in perfect condition. In light of this, we have compiled a list of essential questions to consider for your next appointment.<\/span><\/p>\n<p><span style=\"color: #000000;\">Cuidar de la salud de nuestras mascotas es la mejor forma de demostrarles nuestro cari\u00f1o y Bajapet lo sabe. Aqu\u00ed te dejamos algunas preguntas que te pueden ayudar a resolver tus dudas.<\/span><\/p>\n<p><span style=\"color: #000000;\">Remember to visit the vet at least once every 6 months for a general check-up in order to detect any possible diseases in time.<\/span><\/p>\n\n\t\t<\/div>\n\t<\/div>\n<\/div><\/div><\/div><div class=\"wpb_column vc_column_container vc_col-sm-6\"><div class=\"vc_column-inner\"><div class=\"wpb_wrapper\">\n\t<div  class=\"wpb_single_image wpb_content_element vc_align_center\">\n\t\t\n\t\t<figure class=\"wpb_wrapper vc_figure\">\n\t\t\t<div class=\"vc_single_image-wrapper   vc_box_border_grey\"><img decoding=\"async\" width=\"550\" height=\"413\" data-src=\"https:\/\/bajapetwellcare.com\/wp-content\/uploads\/2025\/05\/quienes-somos-bajapet.jpg\" class=\"vc_single_image-img attachment-full lazyload\" alt=\"\" title=\"quienes-somos-bajapet\" data-srcset=\"https:\/\/bajapetwellcare.com\/wp-content\/uploads\/2025\/05\/quienes-somos-bajapet.jpg 550w, https:\/\/bajapetwellcare.com\/wp-content\/uploads\/2025\/05\/quienes-somos-bajapet-300x225.jpg 300w, https:\/\/bajapetwellcare.com\/wp-content\/uploads\/2025\/05\/quienes-somos-bajapet-16x12.jpg 16w\" data-sizes=\"(max-width: 550px) 100vw, 550px\"  data-dt-location=\"https:\/\/bajapetwellcare.com\/en\/nosotros\/quienes-somos-bajapet\/\" src=\"data:image\/svg+xml;base64,PHN2ZyB3aWR0aD0iMSIgaGVpZ2h0PSIxIiB4bWxucz0iaHR0cDovL3d3dy53My5vcmcvMjAwMC9zdmciPjwvc3ZnPg==\" style=\"--smush-placeholder-width: 550px; --smush-placeholder-aspect-ratio: 550\/413;\" \/><\/div>\n\t\t<\/figure>\n\t<\/div>\n<\/div><\/div><\/div><\/div><div data-vc-full-width=\"true\" data-vc-full-width-temp=\"true\" data-vc-full-width-init=\"false\" class=\"vc_row wpb_row vc_row-fluid vc_custom_1720826848321\"><div class=\"wpb_column vc_column_container vc_col-sm-12\"><div class=\"vc_column-inner\"><div class=\"wpb_wrapper\"><style type=\"text\/css\" data-type=\"the7_shortcodes-inline-css\">.icon-with-text-shortcode.icon-text-id-4d9502a804c0bd2b482f31791e67ef06 .text-icon {\n  width: 60px;\n  height: 60px;\n  line-height: 60px;\n  font-size: 32px;\n  border-radius: 200px;\n  margin: 0px 0px 10px 0px;\n}\n.icon-with-text-shortcode.icon-text-id-4d9502a804c0bd2b482f31791e67ef06 .text-icon .icon-inner {\n  min-width: 60px;\n  min-height: 60px;\n  border-radius: 200px;\n}\n@media all and (-ms-high-contrast: none) {\n  .icon-with-text-shortcode.icon-text-id-4d9502a804c0bd2b482f31791e67ef06 .text-icon .icon-inner {\n    height: 60px;\n  }\n}\n.icon-with-text-shortcode.icon-text-id-4d9502a804c0bd2b482f31791e67ef06 .text-icon .dt-hover-icon {\n  line-height: 60px;\n}\n.icon-with-text-shortcode.icon-text-id-4d9502a804c0bd2b482f31791e67ef06 .text-icon:before,\n.icon-with-text-shortcode.icon-text-id-4d9502a804c0bd2b482f31791e67ef06 .text-icon:after,\n.icon-with-text-shortcode.icon-text-id-4d9502a804c0bd2b482f31791e67ef06 .text-icon .icon-inner:before,\n.icon-with-text-shortcode.icon-text-id-4d9502a804c0bd2b482f31791e67ef06 .text-icon .icon-inner:after {\n  min-width: 100%;\n  min-height: 100%;\n  padding: inherit;\n  border-radius: inherit;\n}\n#page .icon-with-text-shortcode.icon-text-id-4d9502a804c0bd2b482f31791e67ef06 .text-icon.dt-icon-bg-on .icon-inner:before,\n#phantom .icon-with-text-shortcode.icon-text-id-4d9502a804c0bd2b482f31791e67ef06 .text-icon.dt-icon-bg-on .icon-inner:before {\n  background: #25d366;\n}\n.icon-with-text-shortcode.icon-text-id-4d9502a804c0bd2b482f31791e67ef06 .text-icon.dt-icon-border-on:before {\n  border-width: 2px;\n  border-style: solid;\n}\n.dt-icon-border-dashed.icon-with-text-shortcode.icon-text-id-4d9502a804c0bd2b482f31791e67ef06 .text-icon.dt-icon-border-on:before {\n  border-style: dashed;\n}\n.dt-icon-border-dotted.icon-with-text-shortcode.icon-text-id-4d9502a804c0bd2b482f31791e67ef06 .text-icon.dt-icon-border-on:before {\n  border-style: dotted;\n}\n.dt-icon-border-double.icon-with-text-shortcode.icon-text-id-4d9502a804c0bd2b482f31791e67ef06 .text-icon.dt-icon-border-on:before {\n  border-style: double;\n}\n.icon-with-text-shortcode.icon-text-id-4d9502a804c0bd2b482f31791e67ef06 .text-icon.dt-icon-border-dashed.dt-icon-border-on:before {\n  border-style: dashed;\n}\n.icon-with-text-shortcode.icon-text-id-4d9502a804c0bd2b482f31791e67ef06 .text-icon.dt-icon-border-dotted.dt-icon-border-on:before {\n  border-style: dotted;\n}\n.icon-with-text-shortcode.icon-text-id-4d9502a804c0bd2b482f31791e67ef06 .text-icon.dt-icon-border-double.dt-icon-border-on:before {\n  border-style: double;\n}\n.icon-with-text-shortcode.icon-text-id-4d9502a804c0bd2b482f31791e67ef06 .text-icon.dt-icon-hover-border-on:after {\n  border-width: 2px;\n  border-style: solid;\n}\n.icon-with-text-shortcode.icon-text-id-4d9502a804c0bd2b482f31791e67ef06 .text-icon.dt-icon-border-dashed.dt-icon-hover-border-on:after {\n  border-style: dashed;\n}\n.icon-with-text-shortcode.icon-text-id-4d9502a804c0bd2b482f31791e67ef06 .text-icon.dt-icon-border-dotted.dt-icon-hover-border-on:after {\n  border-style: dotted;\n}\n.icon-with-text-shortcode.icon-text-id-4d9502a804c0bd2b482f31791e67ef06 .text-icon.dt-icon-border-double.dt-icon-hover-border-on:after {\n  border-style: double;\n}\n.icon-with-text-shortcode.icon-text-id-4d9502a804c0bd2b482f31791e67ef06 .text-icon.dt-icon-hover-on:hover {\n  font-size: 32px;\n}\n#page .icon-with-text-shortcode.icon-text-id-4d9502a804c0bd2b482f31791e67ef06 .text-icon.dt-icon-hover-on:hover .soc-font-icon,\n#phantom .icon-with-text-shortcode.icon-text-id-4d9502a804c0bd2b482f31791e67ef06 .text-icon.dt-icon-hover-on:hover .soc-font-icon,\n#page .icon-with-text-shortcode.icon-text-id-4d9502a804c0bd2b482f31791e67ef06 .text-icon.dt-icon-hover-on:hover .soc-icon,\n#phantom .icon-with-text-shortcode.icon-text-id-4d9502a804c0bd2b482f31791e67ef06 .text-icon.dt-icon-hover-on:hover .soc-icon {\n  color: #fff;\n  background: none;\n}\n#page .icon-with-text-shortcode.icon-text-id-4d9502a804c0bd2b482f31791e67ef06 .text-icon.dt-icon-hover-on:not(:hover) .soc-font-icon,\n#phantom .icon-with-text-shortcode.icon-text-id-4d9502a804c0bd2b482f31791e67ef06 .text-icon.dt-icon-hover-on:not(:hover) .soc-font-icon,\n#page .icon-with-text-shortcode.icon-text-id-4d9502a804c0bd2b482f31791e67ef06 .text-icon.dt-icon-hover-on:not(:hover) .soc-icon,\n#phantom .icon-with-text-shortcode.icon-text-id-4d9502a804c0bd2b482f31791e67ef06 .text-icon.dt-icon-hover-on:not(:hover) .soc-icon,\n#page .icon-with-text-shortcode.icon-text-id-4d9502a804c0bd2b482f31791e67ef06 .text-icon.dt-icon-hover-off .soc-font-icon,\n#phantom .icon-with-text-shortcode.icon-text-id-4d9502a804c0bd2b482f31791e67ef06 .text-icon.dt-icon-hover-off .soc-font-icon,\n#page .icon-with-text-shortcode.icon-text-id-4d9502a804c0bd2b482f31791e67ef06 .text-icon.dt-icon-hover-off .soc-icon,\n#phantom .icon-with-text-shortcode.icon-text-id-4d9502a804c0bd2b482f31791e67ef06 .text-icon.dt-icon-hover-off .soc-icon {\n  color: #ffffff;\n  background: none;\n}\n.icon-with-text-shortcode.icon-text-id-4d9502a804c0bd2b482f31791e67ef06.layout-1 {\n  grid-template-columns: 60px minmax(0,1fr);\n  grid-column-gap: 0px;\n}\n.icon-with-text-shortcode.icon-text-id-4d9502a804c0bd2b482f31791e67ef06.layout-2 {\n  grid-template-columns: minmax(0,1fr) 60px;\n  grid-column-gap: 0px;\n}\n.icon-with-text-shortcode.icon-text-id-4d9502a804c0bd2b482f31791e67ef06.layout-2 .text-icon {\n  margin-left: 0;\n}\n.icon-with-text-shortcode.icon-text-id-4d9502a804c0bd2b482f31791e67ef06.layout-3 {\n  grid-template-columns: 60px minmax(0,1fr);\n}\n.icon-with-text-shortcode.icon-text-id-4d9502a804c0bd2b482f31791e67ef06.layout-3 .dt-text-title {\n  margin-left: 0px;\n}\n.icon-with-text-shortcode.icon-text-id-4d9502a804c0bd2b482f31791e67ef06 .dt-text-title,\n.icon-with-text-shortcode.icon-text-id-4d9502a804c0bd2b482f31791e67ef06 .dt-text-title a {\n  color: #ffffff;\n  background: none;\n  font-size: 25px;\n  font-weight: bold;\n}\n.icon-with-text-shortcode.icon-text-id-4d9502a804c0bd2b482f31791e67ef06 .dt-text-title {\n  margin-bottom: 10px;\n}\n.icon-with-text-shortcode.icon-text-id-4d9502a804c0bd2b482f31791e67ef06 .dt-text-desc {\n  color: #ffffff;\n  background: none;\n  margin-bottom: 10px;\n  font-size: 20px;\n  font-weight: bold;\n}<\/style><div class=\"icon-with-text-shortcode  icon-text-id-4d9502a804c0bd2b482f31791e67ef06 layout-5  calltoaction-whatsapp-bajapet\" ><span   class=\"text-icon dt-icon-bg-on dt-icon-hover-off\" ><span class=\"icon-inner\"><i class=\"dt-regular-icon soc-icon fab fa-whatsapp\"><\/i><i class=\"dt-hover-icon soc-icon fab fa-whatsapp\"><\/i><\/span><\/span><h4 class=\"dt-text-title\"  >Contact us for more info!<\/h4><div class=\"dt-text-desc\">V\u00eda WhatsApp (+52) 1 663 230 8468<\/div><a href=\"https:\/\/api.whatsapp.com\/send?phone=526632308468\" class=\"anchor-link  default-btn-shortcode dt-btn dt-btn-m link-hover-off\"><span>Our WhatsApp Chat<\/span><\/a><\/div><\/div><\/div><\/div><\/div><div class=\"vc_row-full-width vc_clearfix\"><\/div><!-- Row Backgrounds --><div class=\"upb_color\" data-bg-override=\"0\" data-bg-color=\"#1a1c20\" data-fadeout=\"\" data-fadeout-percentage=\"30\" data-parallax-content=\"\" data-parallax-content-sense=\"30\" data-row-effect-mobile-disable=\"true\" data-img-parallax-mobile-disable=\"true\" data-rtl=\"false\"  data-custom-vc-row=\"\"  data-vc=\"8.7.2\"  data-is_old_vc=\"\"  data-theme-support=\"\"   data-overlay=\"false\" data-overlay-color=\"\" data-overlay-pattern=\"\" data-overlay-pattern-opacity=\"\" data-overlay-pattern-size=\"\"    ><\/div>\n<\/div>","protected":false},"excerpt":{"rendered":"<p>\u00bfQui\u00e9nes somos?Somos un centro veterinario 100% tijuanense con personal altamente capacitado. Ofrecemos una amplia gama de servicios veterinarios dise\u00f1ados para mantener a tu mascota sana y feliz. Nuestro equipo de profesionales est\u00e1 comprometido con el cuidado de su mascota, proporcionando atenci\u00f3n de alta calidad en un ambiente acogedor y amigable.Nuestro CompromisoEn Baja Pet entendemos que&hellip;<\/p>","protected":false},"author":1,"featured_media":0,"parent":0,"menu_order":0,"comment_status":"closed","ping_status":"closed","template":"","meta":{"footnotes":""},"class_list":["post-111","page","type-page","status-publish","hentry","description-off"],"_links":{"self":[{"href":"https:\/\/bajapetwellcare.com\/en\/wp-json\/wp\/v2\/pages\/111","targetHints":{"allow":["GET"]}}],"collection":[{"href":"https:\/\/bajapetwellcare.com\/en\/wp-json\/wp\/v2\/pages"}],"about":[{"href":"https:\/\/bajapetwellcare.com\/en\/wp-json\/wp\/v2\/types\/page"}],"author":[{"embeddable":true,"href":"https:\/\/bajapetwellcare.com\/en\/wp-json\/wp\/v2\/users\/1"}],"replies":[{"embeddable":true,"href":"https:\/\/bajapetwellcare.com\/en\/wp-json\/wp\/v2\/comments?post=111"}],"version-history":[{"count":0,"href":"https:\/\/bajapetwellcare.com\/en\/wp-json\/wp\/v2\/pages\/111\/revisions"}],"wp:attachment":[{"href":"https:\/\/bajapetwellcare.com\/en\/wp-json\/wp\/v2\/media?parent=111"}],"curies":[{"name":"wp","href":"https:\/\/api.w.org\/{rel}","templated":true}]}}